{"id":10,"date":"2021-01-26T15:19:03","date_gmt":"2021-01-26T14:19:03","guid":{"rendered":"https:\/\/www.edtechaustria.at\/summit\/?page_id=10"},"modified":"2022-03-09T14:14:19","modified_gmt":"2022-03-09T13:14:19","slug":"impressum","status":"publish","type":"page","link":"https:\/\/www.edtechaustria.at\/summit\/impressum\/","title":{"rendered":"Impressum"},"content":{"rendered":"<p><strong>Innovation Salzburg<br \/>\n<\/strong><\/p>\n<p>Maxglaner Hauptstra\u00dfe 72, 5020 Salzburg<br \/>\nAustria<br \/>\n+43 5 7599 722<\/p>\n<p><a href=\"mailto:info@innovation-salzburg.at\" target=\"_blank\" rel=\"nofollow noopener\">info@innovation-salzburg.at<\/a><br \/>\n<a href=\"http:\/\/www.itg-salzburg.at\" target=\"_blank\" rel=\"nofollow noopener\">www.innovation-salzburg.at<\/a><\/p>\n<p>Gesch\u00e4ftsf\u00fchrer: Mag. Walter Haas<br \/>\nFirmenbuchnummer: FN239333k<br \/>\nFimenbuchgericht: Landesgericht Salzburg<\/p>\n<p>Eigent\u00fcmer:<br \/>\nLand Salzburg (72%)<br \/>\nStadt Salzburg (15%)<br \/>\nWirtschaftskammer Salzburg (11%)<br \/>\nIndustriellenvereinigung Salzburg (2%)<\/p>\n<p>\u2014\u2014\u2014\u2014\u2014\u2014\u2014\u2014\u2014\u2014\u2014\u2014\u2014\u2014\u2014<\/p>\n<p><strong>Screendesign:<\/strong><\/p>\n<p>CHRIS MIMLER<br \/>\nBrand Identity + Design<br \/>\n<a href=\"http:\/\/chrismimler.com\" target=\"_blank\" rel=\"nofollow noopener\">chrismimler.com<\/a><\/p>\n<p><strong>Websiteprogrammierung:<\/strong><\/p>\n<p>typo-wimmer GmbH<br \/>\n<a href=\"http:\/\/www.typo-wimmer.at\" target=\"_blank\" rel=\"nofollow noopener\">www.typo-wimmer.at<\/a><\/p>\n","protected":false},"excerpt":{"rendered":"<p>Innovation Salzburg Maxglaner Hauptstra\u00dfe 72, 5020 Salzburg Austria +43 5 7599 722 info@innovation-salzburg.at www.innovation-salzburg.at Gesch\u00e4ftsf\u00fchrer: Mag. Walter Haas Firmenbuchnummer: FN239333k Fimenbuchgericht: Landesgericht Salzburg Eigent\u00fcmer: Land Salzburg (72%) Stadt Salzburg (15%) Wirtschaftskammer Salzburg (11%) Industriellenvereinigung Salzburg (2%) \u2014\u2014\u2014\u2014\u2014\u2014\u2014\u2014\u2014\u2014\u2014\u2014\u2014\u2014\u2014 Screendesign: CHRIS MIMLER Brand Identity + Design chrismimler.com Websiteprogrammierung: typo-wimmer GmbH www.typo-wimmer.at<\/p>\n","protected":false},"author":1,"featured_media":0,"parent":0,"menu_order":1000,"comment_status":"closed","ping_status":"closed","template":"","meta":{"_acf_changed":false,"footnotes":""},"class_list":["post-10","page","type-page","status-publish","hentry"],"acf":[],"_links":{"self":[{"href":"https:\/\/www.edtechaustria.at\/summit\/wp-json\/wp\/v2\/pages\/10","targetHints":{"allow":["GET"]}}],"collection":[{"href":"https:\/\/www.edtechaustria.at\/summit\/wp-json\/wp\/v2\/pages"}],"about":[{"href":"https:\/\/www.edtechaustria.at\/summit\/wp-json\/wp\/v2\/types\/page"}],"author":[{"embeddable":true,"href":"https:\/\/www.edtechaustria.at\/summit\/wp-json\/wp\/v2\/users\/1"}],"replies":[{"embeddable":true,"href":"https:\/\/www.edtechaustria.at\/summit\/wp-json\/wp\/v2\/comments?post=10"}],"version-history":[{"count":2,"href":"https:\/\/www.edtechaustria.at\/summit\/wp-json\/wp\/v2\/pages\/10\/revisions"}],"predecessor-version":[{"id":331,"href":"https:\/\/www.edtechaustria.at\/summit\/wp-json\/wp\/v2\/pages\/10\/revisions\/331"}],"wp:attachment":[{"href":"https:\/\/www.edtechaustria.at\/summit\/wp-json\/wp\/v2\/media?parent=10"}],"curies":[{"name":"wp","href":"https:\/\/api.w.org\/{rel}","templated":true}]}}