{"id":3,"date":"2021-01-26T15:09:57","date_gmt":"2021-01-26T14:09:57","guid":{"rendered":"https:\/\/www.edtechaustria.at\/summit\/?page_id=3"},"modified":"2022-02-10T12:52:02","modified_gmt":"2022-02-10T11:52:02","slug":"datenschutzerklaerung","status":"publish","type":"page","link":"https:\/\/www.edtechaustria.at\/summit\/datenschutzerklaerung\/","title":{"rendered":"Datenschutzerkl\u00e4rung"},"content":{"rendered":"<div id=\"content\" class=\"content\">\n<div id=\"datenschutzerklaerung\" class=\"content_section datenschutzerklaerung has_post_content\" data-post-id=\"3\">\n<div class=\"row\">\n<div class=\"columns post_content\">\n<h1>Allgemeine Datenschutzerkl\u00e4rung<\/h1>\n<p>Die Innovation Salzburg GmbH ist Verantwortlicher im Sinne der Datenschutz-Grundverordnung (DSGVO). Der Schutz deiner pers\u00f6nlichen Daten ist uns ein besonderes Anliegen. Wir verarbeiten deine Daten daher ausschlie\u00dflich auf Grundlage der gesetzlichen Bestimmungen (DSGVO, TKG 2003). In dieser Datenschutzerkl\u00e4rung informieren wir dich \u00fcber die wichtigsten Aspekte der Datenverarbeitung im Rahmen unserer Website und unserer Gesch\u00e4ftst\u00e4tigkeit.<\/p>\n<p><strong>Datenschutzkontakt \/ Verantwortlicher<\/strong><\/p>\n<p>Innovation Salzburg GmbH<br \/>\nMaxglaner Hauptstra\u00dfe 72, 5020 Salzburg<br \/>\nAnsprechpartner: Mag. Walter Haas | Gesch\u00e4ftsf\u00fchrer<br \/>\n+43 5 7599 722<br \/>\n<a href=\"mailto:info@innovation-salzburg.at\" target=\"_blank\" rel=\"nofollow noopener\">info@innovation-salzburg.at<\/a><br \/>\n<a href=\"http:\/\/www.innovation-salzburg.at\" target=\"_blank\" rel=\"nofollow noopener\">www.innovation-salzburg.at <\/a><\/p>\n<p><strong>Verarbeitung personenbezogener Daten<\/strong><\/p>\n<p>Die Verarbeitung personenbezogener Daten erfolgt in \u00dcbereinstimmung mit den geltenden Rechtsvorschriften, insbesondere der Datenschutz-Grundverordnung der EU sowie dem (\u00f6sterreichischen) Datenschutzgesetz. Um die Sicherheit der verarbeiteten Daten zu gew\u00e4hrleisten und sicherzustellen, dass diese ordnungsgem\u00e4\u00df verarbeitet und nicht f\u00fcr Unbefugte zug\u00e4nglich gemacht werden, werden entsprechende Ma\u00dfnahmen zur Datensicherheit getroffen.<\/p>\n<p>In der Regel erfolgt die Verarbeitung von personenbezogenen Daten bei uns auf gesetzlicher Grundlage bzw. mit Einwilligung der betroffenen Personen oder zur Vertragserf\u00fcllung (Erbringung von Leistungen und Services) mit den betroffenen Personen. Personenbezogene Daten, die du uns \u00fcber eine Website oder Email \u00fcbermittelt hast, werden nur f\u00fcr den Zweck verarbeitet, zu dem du uns deine Daten zur Verf\u00fcgung gestellt hast. Die zur Verf\u00fcgung gestellten personenbezogenen Daten werden ausschlie\u00dflich an die zust\u00e4ndige Stelle weitergeleitet. Deine personenbezogenen Daten werden nicht an Dritte weitergegeben, es sei denn, dass gesetzliche Vorgaben dies verlangen.<\/p>\n<p><strong>Aufbewahrung von Daten<\/strong><\/p>\n<p>Die uns zur Verf\u00fcgung gestellten personenbezogenen Daten werden nur so lange gespeichert, bis der Zweck erf\u00fcllt ist, f\u00fcr den sie uns anvertraut wurden. Sofern gesetzliche Aufbewahrungs- und Verj\u00e4hrungsfristen zu beachten sind, werden diese eingehalten, dar\u00fcber hinaus bis zu allf\u00e4lligen Gew\u00e4hrleistungs- oder Garantiefristen sowie insbesondere Aufbewahrungspflichten hinsichtlich der Verwendung \u00f6ffentlicher (F\u00f6rder-)mittel zur Erbringung unserer Leistungen und Services im \u00f6ffentlichen Interesse. Eine Daten\u00fcbermittlung an Dritte erfolgt nicht, mit Ausnahme der \u00dcbermittlung der relevanten Daten an Dritte zur zweckgebundenen Vertrags-\/ Leistungserf\u00fcllung.<\/p>\n<p><strong>Rechte und Beschwerdem\u00f6glichkeiten<\/strong><\/p>\n<p>Nach den Art. 15 ff DSGVO besteht grunds\u00e4tzlich ein Recht auf Auskunft, Berichtigung, L\u00f6schung, Einschr\u00e4nkung der Verarbeitung, Widerspruch sowie in bestimmten F\u00e4llen auf Daten\u00fcbertragbarkeit. Bitte beachte, dass die Rechte aus der DSGVO unter Umst\u00e4nden gesetzlichen Beschr\u00e4nkungen unterliegen k\u00f6nnen. Sofern du in die Verarbeitung deiner Daten eingewilligt hast, kannst du diese Einwilligung jederzeit widerrufen.<\/p>\n<p>F\u00fcr die Geltendmachung deiner Rechte nach der DSGVO steht dir der angef\u00fchrte Datenschutzkontakt zur Verf\u00fcgung. Bitte leg bei der Wahrnehmung deiner Rechte zur eindeutigen Identifizierung deiner Person eine Kopie eines amtlichen Lichtbildausweises bei.<\/p>\n<p>Um deine Anfrage m\u00f6glichst effizient und rasch bearbeiten zu k\u00f6nnen, gib bei deiner Anfrage bitte an, in welchem sachlichen Zusammenhang du vermutest, dass deine personenbezogenen Daten verwendet werden.<\/p>\n<p>Hast du f\u00fcr die Verarbeitung deiner personenbezogenen Daten eine Einwilligungserkl\u00e4rung abgegeben, kannst du diese jederzeit schriftlich widerrufen. Wenn es sich um die Abbestellung eines Newsletters handelt, verwende bitte den daf\u00fcr vorgesehenen Link im Newsletter-E-Mail. In anderen Widerrufsf\u00e4llen wende dich an die Kontaktstelle, der gegen\u00fcber du die Einwilligung abgegeben hast oder an den Datenschutzkontakt. Es wird jedoch darauf hingewiesen, dass im Falle des Widerrufs unter Umst\u00e4nden die gew\u00fcnschten Leistungen nicht mehr bzw. nicht mehr uneingeschr\u00e4nkt erbracht werden k\u00f6nnen.<\/p>\n<p>Solltest du der Meinung sein, dass die Verarbeitung deiner Daten gegen das Datenschutzrecht verst\u00f6\u00dft oder deine datenschutzrechtlichen Anspr\u00fcche sonst in einer Weise verletzt worden sind, kannst du eine Beschwerde bei der \u00f6sterreichischen \u00a0<a href=\"http:\/\/www.dsb.gv.at\/\" target=\"_blank\" rel=\"nofollow noopener\">Datenschutzbeh\u00f6rde<\/a> einbringen.<\/p>\n<p>Allgemeine technische und organisatorische Sicherheitsma\u00dfnahmen<\/p>\n<p>Datensicherheit\u00a0ist uns bei der Verarbeitung von personenbezogenen Daten ein wichtiges Anliegen. Die daf\u00fcr gesetzten Ma\u00dfnahmen werden regelm\u00e4\u00dfig \u00fcberpr\u00fcft und falls erforderlich angepasst. Alle Personen mit Zugang zu den Systemen unterliegen entsprechenden gesetzlichen und organisatorischen Vorgaben und Richtlinien.<\/p>\n<p>Konkrete Ma\u00dfnahmen sind dem Schutzbedarf der jeweiligen Systeme angepasst und umfassen beispielsweise r\u00e4umliche Zutrittsbeschr\u00e4nkungen und Kontrollen, Berechtigungs- und Rollenkonzepte f\u00fcr alle Zugriffe auf Daten und Programmfunktionalit\u00e4ten, Absicherung und \u00dcberwachung der Clients und Netzwerke, Verschl\u00fcsselung von Kommunikation und Speichermedien, Entwicklungsstandards, Wartung und Aktualisierung der Komponenten, Authentifizierungen, Pseudonymisierung, Serviceredundanzen, Backup-Strategien, Stichprobenkontrollen von Zugriffen und periodische Rechterevisionen.<\/p>\n<p><strong>Hinweis bzgl. Veranstaltungen<\/strong><\/p>\n<p>Es werden Veranstaltungen zu relevanten Themen angeboten. Zur Veranstaltungsorganisation werden personenbezogene Daten erhoben und verarbeitet. Zus\u00e4tzlich wird bei den Veranstaltungen zu Dokumentationszwecken Bild- und\/oder Videomaterial erstellt. Rechtsgrundlage der Verarbeitung ist berechtigtes Interesse (Art. 6 Abs. 1 DSGVO). Empf\u00e4nger der Daten sind Mitorganisatoren der Veranstaltungen, Druckereien f\u00fcr die Zusendung von veranstaltungsbezogenen Materialien wie z. B. Einladungen, Fotografen f\u00fcr die Anfertigung und Bearbeitung von Fotos der Veranstaltung, und IT-Dienstleister, welche wir zur Durchf\u00fchrung dieser Verarbeitungst\u00e4tigkeit heranziehen.<\/p>\n<p>Es finden keine \u00dcbermittlungen in Drittl\u00e4nder statt.<\/p>\n<p><strong><span id=\"newsletter\">Hinweis bzgl. Newsletter<\/span><\/strong><\/p>\n<p>Um Interessent:innen Newsletter zu relevanten Themen zusenden zu k\u00f6nnen, werden Kontaktinformation erhoben und verarbeitet. Zus\u00e4tzlich werden zur Verbesserung der Inhalte der Newsletter statistische Daten zur Nutzung erhoben und verarbeitet.<\/p>\n<p>Rechtsgrundlage der Verarbeitung ist Einwilligung bzw. berechtigtes Interesse (Art. 6 Abs. 1 DSGVO) jeweils in Verbindung mit \u00a7 107 TKG.<\/p>\n<p>Empf\u00e4nger der Daten ist der Dienstleister <a href=\"https:\/\/mailchimp.com\/de\/\" target=\"_blank\" rel=\"nofollow noopener\">Mailchimp<\/a>, den wir zur Durchf\u00fchrung dieser Verarbeitungst\u00e4tigkeit heranziehen. Du bekommst nur den EdTech-Newsletter und keine dar\u00fcberhinausgehenden Werbeemails. Es finden \u00dcbermittlungen in die USA statt. Unsere Auftragsverarbeiter sind Privacy-Shield-zertifiziert und besitzen daher ein mit der EU vergleichbares Datenschutzniveau.<\/p>\n<p>Eine Abmeldung ist jederzeit m\u00f6glich (Link in jedem Newsletter). Die Daten werden nach Abmeldung vom Newsletter gel\u00f6scht.<\/p>\n<p><strong>Hinweis bzgl. Einsatz von Cookies und Webanalyse<\/strong><\/p>\n<p>Diese Website benutzt Google Analytics, einen Webanalysedienst der Google Inc. (\u201eGoogle\u201c). Google Analytics verwendet sog. \u201eCookies\u201c, Textdateien, die auf deinem Computer gespeichert werden und die eine Analyse der Benutzung der Website erm\u00f6glichen. Die durch den Cookie erzeugten Informationen \u00fcber Ihre Benutzung dieser Website (einschlie\u00dflich Ihrer IP-Adresse) wird an einen Server von Google in den USA \u00fcbertragen und dort gespeichert. Google wird diese Informationen benutzen, um deine Nutzung der Website auszuwerten, um Reports \u00fcber die Websiteaktivit\u00e4ten f\u00fcr die Websitebetreiber zusammenzustellen und um weitere mit der Websitenutzung und der Internetnutzung verbundene Dienstleistungen zu erbringen. Auch wird Google diese Informationen gegebenenfalls an Dritte \u00fcbertragen, sofern dies gesetzlich vorgeschrieben oder soweit Dritte diese Daten im Auftrag von Google verarbeiten. Google wird in keinem Fall deine IP-Adresse mit anderen Daten von Google in Verbindung bringen. Du kanns die Installation der Cookies durch eine entsprechende Einstellung deiner Browser Software verhindern; wir weisen dich jedoch darauf hin, dass du in diesem Fall gegebenenfalls nicht s\u00e4mtliche Funktionen dieser Website vollumf\u00e4nglich nutzen kannst. Durch die Nutzung dieser Website erkl\u00e4rst du dich mit der Bearbeitung der \u00fcber dich erhobenen Daten durch Google in der zuvor beschriebenen Art und Weise und zu dem zuvor benannten Zweck einverstanden.<\/p>\n<p>Um die analytische Datensammlung durch Google Analytics zu deaktivieren, kannst du diesen Link verwenden: <a href=\"https:\/\/tools.google.com\/dlpage\/gaoptout\" target=\"_blank\" rel=\"nofollow noopener\">Browser-Add-on zur Deaktivierung von Google Analytics<\/a> .<\/p>\n<p>Unsere Website verwendet so genannte Cookies. Dabei handelt es sich um kleine Textdateien, die mit Hilfe des Browsers auf deinem Endger\u00e4t abgelegt werden. Sie richten keinen Schaden an.<\/p>\n<p>Wir nutzen Cookies dazu, unser Angebot nutzungsfreundlicher zu gestalten. Einige Cookies bleiben auf deinem Endger\u00e4t gespeichert, bis du diese l\u00f6schst. Sie erm\u00f6glichen es uns, deinen Browser beim n\u00e4chsten Besuch wiederzuerkennen.<\/p>\n<p>Wenn du dies nicht w\u00fcnscht, so kannst du deinen Browser so einrichten, dass er dich \u00fcber das Setzen von Cookies informiert und du dies nur im Einzelfall erlaubst. Wo genau du diese Einstellungen findest, h\u00e4ngt von deinem Browser ab. Die entsprechenden Einstellungen findest du mit der Hilfefunktion deines Browsers.<\/p>\n<p>Bei der Deaktivierung von Cookies kann die Funktionalit\u00e4t unserer Website eingeschr\u00e4nkt sein.<\/p>\n<p>Hinweis bzgl. Plugins sozialer Netzwerke<\/p>\n<p>Wir haben Plugins der nachstehenden sozialen Netzwerke eingebunden: Facebook, Youtube, Twitter und LinkedIn. Unser Webauftritt bietet dir die M\u00f6glichkeit, mittels sogenannter \u201eSocial Bookmarks\u201c Links zu unseren Inhalten auf Social Media Plattformen zu teilen, wobei zun\u00e4chst keine personenbezogenen Daten an diese Anbieter \u00fcbertragen werden. Nur wenn du auf eines der Social Media Symbole klickst, werden personenbezogene Daten \u00fcbermittelt: Durch deinen Aufruf der Website des jeweiligen Social Media Anbieters werden Daten automatisiert an den jeweiligen Diensteanbieter \u00fcbermittelt und dort (u. a. bei US-amerikanischen Anbietern in den USA) gespeichert. Wir haben weder Einfluss auf die erhobenen Daten und Datenverarbeitungsvorg\u00e4nge, noch sind uns der volle Umfang der Datenerhebung, die Zwecke sowie die Speicherfristen bekannt.<\/p>\n<p>Weitere Informationen zu Zweck und Umfang der Datenerhebung und ihrer Verarbeitung durch den jeweiligen Social Media-Dienst erh\u00e4ltst du in den im Folgenden mitgeteilten Datenschutzerkl\u00e4rungen dieser Anbieter. Dort findest du auch weitere Informationen zu deinen diesbez\u00fcglichen Rechten und Einstellungsm\u00f6glichkeiten zum Schutz deiner Privatsph\u00e4re:<\/p>\n<p>Facebook: <a href=\"https:\/\/www.facebook.com\/privacy\/explanation\">https:\/\/www.facebook.com\/privacy\/explanation<\/a><\/p>\n<p>Youtube: <a href=\"https:\/\/policies.google.com\/privacy\/update?hl=de\">https:\/\/policies.google.com\/privacy\/update?hl=de<\/a><\/p>\n<p>Twitter: <a href=\"https:\/\/twitter.com\/de\/privacy\">https:\/\/twitter.com\/de\/privacy<\/a><\/p>\n<p>LinkedIn: <a href=\"https:\/\/www.linkedin.com\/legal\/privacy-policy?trk=homepage-basic_footer-privacy-policy\">https:\/\/www.linkedin.com\/legal\/privacy-policy?trk=homepage-basic_footer-privacy-policy <\/a><\/p>\n<\/div>\n<\/div>\n<\/div>\n<\/div>\n","protected":false},"excerpt":{"rendered":"<p>Allgemeine Datenschutzerkl\u00e4rung Die Innovation Salzburg GmbH ist Verantwortlicher im Sinne der Datenschutz-Grundverordnung (DSGVO). Der Schutz deiner pers\u00f6nlichen Daten ist uns ein besonderes Anliegen. Wir verarbeiten deine Daten daher ausschlie\u00dflich auf Grundlage der gesetzlichen Bestimmungen (DSGVO, TKG 2003). In dieser Datenschutzerkl\u00e4rung informieren wir dich \u00fcber die wichtigsten Aspekte der Datenverarbeitung im Rahmen unserer Website und unserer [&hellip;]<\/p>\n","protected":false},"author":1,"featured_media":0,"parent":0,"menu_order":1010,"comment_status":"closed","ping_status":"open","template":"","meta":{"_acf_changed":false,"footnotes":""},"class_list":["post-3","page","type-page","status-publish","hentry"],"acf":[],"_links":{"self":[{"href":"https:\/\/www.edtechaustria.at\/summit\/wp-json\/wp\/v2\/pages\/3","targetHints":{"allow":["GET"]}}],"collection":[{"href":"https:\/\/www.edtechaustria.at\/summit\/wp-json\/wp\/v2\/pages"}],"about":[{"href":"https:\/\/www.edtechaustria.at\/summit\/wp-json\/wp\/v2\/types\/page"}],"author":[{"embeddable":true,"href":"https:\/\/www.edtechaustria.at\/summit\/wp-json\/wp\/v2\/users\/1"}],"replies":[{"embeddable":true,"href":"https:\/\/www.edtechaustria.at\/summit\/wp-json\/wp\/v2\/comments?post=3"}],"version-history":[{"count":5,"href":"https:\/\/www.edtechaustria.at\/summit\/wp-json\/wp\/v2\/pages\/3\/revisions"}],"predecessor-version":[{"id":204,"href":"https:\/\/www.edtechaustria.at\/summit\/wp-json\/wp\/v2\/pages\/3\/revisions\/204"}],"wp:attachment":[{"href":"https:\/\/www.edtechaustria.at\/summit\/wp-json\/wp\/v2\/media?parent=3"}],"curies":[{"name":"wp","href":"https:\/\/api.w.org\/{rel}","templated":true}]}}